{"id":1850,"date":"2023-12-15T08:21:31","date_gmt":"2023-12-15T07:21:31","guid":{"rendered":"https:\/\/fferrer.com\/politica-de-cookies\/"},"modified":"2024-02-14T09:15:49","modified_gmt":"2024-02-14T08:15:49","slug":"politique-en-matiere-de-cookies","status":"publish","type":"page","link":"https:\/\/fferrer.com\/fr\/politique-en-matiere-de-cookies\/","title":{"rendered":"Politique en mati\u00e8re de cookies"},"content":{"rendered":"\t\t<div data-elementor-type=\"wp-page\" data-elementor-id=\"1850\" class=\"elementor elementor-1850 elementor-1833\" data-elementor-post-type=\"page\">\n\t\t\t\t<div class=\"elementor-element elementor-element-6215774 e-flex e-con-boxed e-con e-parent\" data-id=\"6215774\" data-element_type=\"container\" data-e-type=\"container\">\n\t\t\t\t\t<div class=\"e-con-inner\">\n\t\t\t\t<div class=\"elementor-element elementor-element-76d278f elementor-widget elementor-widget-spacer\" data-id=\"76d278f\" data-element_type=\"widget\" data-e-type=\"widget\" data-widget_type=\"spacer.default\">\n\t\t\t\t<div class=\"elementor-widget-container\">\n\t\t\t\t\t\t\t<div class=\"elementor-spacer\">\n\t\t\t<div class=\"elementor-spacer-inner\"><\/div>\n\t\t<\/div>\n\t\t\t\t\t\t<\/div>\n\t\t\t\t<\/div>\n\t\t\t\t<div class=\"elementor-element elementor-element-04f9a90 elementor-widget elementor-widget-text-editor\" data-id=\"04f9a90\" data-element_type=\"widget\" data-e-type=\"widget\" data-widget_type=\"text-editor.default\">\n\t\t\t\t<div class=\"elementor-widget-container\">\n\t\t\t\t\t\t\t\t\t<p><strong><em>Derni\u00e8re date de mise \u00e0 jour<\/em><\/strong><\/p><div class=\"col-xs-12 col-md-12 nopadding\"><p>2 de janvier 2024<\/p><p><strong><em>Configurateur de cookies<\/em><\/strong><\/p><\/div>\t\t\t\t\t\t\t\t<\/div>\n\t\t\t\t<\/div>\n\t\t\t\t<div class=\"elementor-element elementor-element-149bf3f elementor-widget elementor-widget-html\" data-id=\"149bf3f\" data-element_type=\"widget\" data-e-type=\"widget\" data-widget_type=\"html.default\">\n\t\t\t\t<div class=\"elementor-widget-container\">\n\t\t\t\t\tVous pouvez acc\u00e9der au configurateur de cookies en cliquant le suivant button: <a href=\"#\" onclick=\"jQuery('button.cmplz-btn.cmplz-manage-consent.manage-consent-1.cmplz-show').click();jQuery('button.cmplz-btn.cmplz-view-preferences').click()\">ici<\/a>\t\t\t\t<\/div>\n\t\t\t\t<\/div>\n\t\t\t\t<div class=\"elementor-element elementor-element-7d178d1 elementor-widget elementor-widget-text-editor\" data-id=\"7d178d1\" data-element_type=\"widget\" data-e-type=\"widget\" data-widget_type=\"text-editor.default\">\n\t\t\t\t<div class=\"elementor-widget-container\">\n\t\t\t\t\t\t\t\t\t<div class=\"blog-title\"><p><strong><em>Que sont les cookies\u00a0?<\/em><\/strong><\/p><p><em>Les cookies sont des fichiers qui sont t\u00e9l\u00e9charg\u00e9s dans les dispositifs de l\u2019utilisateur lorsqu\u2019il visite certains sites web, ou acc\u00e8de \u00e0 certaines plateformes ou applications, pour le stockage et la r\u00e9cup\u00e9ration des informations lorsque l\u2019utilisateur acc\u00e8de y acc\u00e8de.\u00a0<\/em><\/p><p><em>Les cookies peuvent \u00eatre utilis\u00e9s \u00e0 des fins tr\u00e8s diverses, notamment la reconnaissance de l\u2019utilisateur, l\u2019obtention d\u2019informations sur les habitudes de navigation de l\u2019utilisateur ou la personnalisation de la mani\u00e8re dont les contenus sont pr\u00e9sent\u00e9s \u00e0 l\u2019utilisateur. <\/em><\/p><p><strong><em>Quels sont les cookies utilis\u00e9s sur ce site web\u00a0?<\/em><\/strong><\/p><p><em>L\u2019utilisation sp\u00e9cifique des cookies sur ce site web est d\u00e9crite ci-apr\u00e8s.<\/em><\/p><p><em>Vous pouvez obtenir des informations sur les transferts vers des pays tiers qui, le cas \u00e9ch\u00e9ant, sont effectu\u00e9s par les tiers ici identifi\u00e9s, dans leurs politiques relatives aux cookies (voir le lien correspondant \u00e0 +Conna\u00eetre le tiers).<\/em><\/p><p><em>Il est estim\u00e9 qu\u2019il y a traitement des donn\u00e9es \u00e0 caract\u00e8re personnel par le biais de cookies d\u00e8s lors que l\u2019utilisateur s\u2019est identifi\u00e9 par son nom ou par une adresse \u00e9lectronique qui l\u2019identifie, ou d\u00e8s lors que des identificateurs uniques sont utilis\u00e9s pour distinguer certains utilisateurs des autres en vue d\u2019un suivi individualis\u00e9. Pour obtenir de plus amples informations sur les droits des utilisateurs et sur le traitement des donn\u00e9es personnelles collect\u00e9es par le biais des cookies du pr\u00e9sent site web, veuillez consulter la politique de confidentialit\u00e9\u00a0<\/em><a href=\"https:\/\/fferrer.com\/fr\/politique-de-protection-de-la-vie-privee-et-des-donees-a-caractere-personel\/\" target=\"_blank\" rel=\"noopener\">ici<\/a><em>.<\/em><\/p><div class=\"col-xs-12 col-md-12 nopadding\"><p><strong>Acceptation, refus et param\u00e9trage des cookies<\/strong><\/p><p><em>Comme indiqu\u00e9 au paragraphe qui pr\u00e9c\u00e8de, vous pouvez consentir \u00e0 l\u2019usage de tous les cookies par leur stockage sur votre dispositif\u00a0: <\/em><\/p><ul><li><em>En cliquant sur le bouton \u00ab\u00a0Accepter les cookies\u00a0\u00bb du banner de cookies disponible sur ce site web, ou<\/em><\/li><li><em>En cliquant sur le bouton \u00ab\u00a0Tout accepter\u00a0\u00bb dans l\u2019outil de configuration des cookies de ce site web, auquel vous pouvez acc\u00e9der \u00e0 travers le banner de cookies ou \u00e0 travers la pr\u00e9sente politique, ou<\/em><\/li><li><em>En s\u00e9lectionnant toutes les options propos\u00e9es puis en cliquant sur le bouton \u00ab\u00a0Enregistrer les param\u00e8tres\u00a0\u00bb dans l\u2019outil de configuration de cookies de ce site web, auquel vous pouvez acc\u00e9der \u00e0 travers le banner de cookies ou \u00e0 travers la pr\u00e9sente politique.<\/em><\/li><\/ul><p><em>Par ailleurs, comme indiqu\u00e9 au paragraphe qui pr\u00e9c\u00e8de, vous pouvez refuser de donner votre accord \u00e0 l\u2019utilisation de tous les cookies pr\u00e9cit\u00e9s par leur stockage dans votre dispositif\u00a0:<\/em><\/p><ul><li><em>En cliquant sur le bouton \u00ab\u00a0Rejeter les cookies\u00a0\u00bb du banner de cookies disponible sur ce site web, ou<\/em><\/li><li><em>En cliquant sur le bouton \u00ab\u00a0Tout rejeter\u00a0\u00bb dans l\u2019outil de configuration des cookies de ce site web, auquel vous pouvez acc\u00e9der \u00e0 travers le banner de cookies ou \u00e0 travers la pr\u00e9sente politique.<\/em><\/li><\/ul><p><em>Veuillez noter que si vous acceptez les cookies de tiers, ils devront \u00eatre supprim\u00e9s depuis les options du navigateur ou depuis le syst\u00e8me propos\u00e9 par le tiers lui-m\u00eame \u00e0 cette fin.<\/em><\/p><p><em>Nous vous rappelons que vous pouvez supprimer votre historique de navigation (y compris les cookies) de votre navigateur, en consultant les options et instructions fournies par votre navigateur.<\/em><\/p><p><em>Vous pouvez choisir \u00e0 tout moment, parmi lesdits cookies, ceux que vous acceptez et ceux que vous rejetez en vue de leur stockage dans votre dispositif, et donner votre accord \u00e0 cette fin. Dans l\u2019outil de configuration de ce site web, vous pouvez habiliter les cookies dont vous acceptez le stockage sur votre dispositif, ou emp\u00eacher le stockage de ceux dont vous ne souhaitez pas accepter l\u2019usage, en les s\u00e9lectionnant ou d\u00e9s\u00e9lectionnant un par un puis en cliquant sur le bouton \u00ab\u00a0Enregistrer les param\u00e8tres\u00a0\u00bb.<\/em><\/p><p><em>En outre, vous pouvez trouver de plus amples informations relatives \u00e0 l\u2019autorisation, l\u2019\u00e9limination et\/ou la gestion de l\u2019usage des cookies via le navigateur qui correspond, comme indiqu\u00e9 ci-dessous\u00a0:<\/em><\/p><ul><li>Microsoft Internet Explorer :\u00a0<a href=\"http:\/\/windows.microsoft.com\/es-ES\/windows-vista\/Block-or-allow-cookies\">http:\/\/windows.microsoft.com\/es-ES\/windows-vista\/Block-or-allow-cookies<\/a><\/li><li>Firefox\u00a0:\u00a0<a href=\"http:\/\/support.mozilla.org\/es\/kb\/habilitar-y-deshabilitar-cookies-que-los-sitios-we\">http:\/\/support.mozilla.org\/es\/kb\/habilitar-y-deshabilitar-cookies-que-los-sitios-we<\/a><\/li><li>Safari\u00a0:\u00a0<a href=\"http:\/\/support.apple.com\/kb\/HT1677?viewlocale=es_ES\">http:\/\/support.apple.com\/kb\/HT1677?viewlocale=es_ES<\/a><\/li><li>Google\u00a0Chrome\u00a0:\u00a0<a href=\"https:\/\/support.google.com\/chrome\/answer\/95647?hl=es\">https:\/\/support.google.com\/chrome\/answer\/95647?hl=es<\/a><\/li><li>Op\u00e9ra\u00a0:\u00a0<a href=\"https:\/\/help.opera.com\/en\/latest\/web-preferences\/#cookies\" target=\"_blank\" rel=\"noopener\">https:\/\/help.opera.com\/en\/latest\/web-preferences\/#cookies<\/a><\/li><\/ul><p><strong><br \/>Changements de politique<\/strong><\/p><p><em>La pr\u00e9sente Politique relative aux Cookies pourra \u00eatre modifi\u00e9e \u00e0 tout moment en application des exigences l\u00e9gales en vigueur ou en cas de modification du type de cookies utilis\u00e9s sur le site web.<\/em><\/p><p><strong>Contactez<\/strong><\/p><p><em>Pour de plus amples informations relatives \u00e0 l\u2019usage des cookies du pr\u00e9sent site web, veuillez vous adresser \u00e0 <\/em> <a href=\"mailto:legal@ferrer.es\"><span class=\"cloaked_email\">legal@ferrer.es<\/span><\/a><\/p><\/div><table><thead><tr><td><b>D\u00e9signation<\/b><\/td><td><b>Qui utilise les cookies ?<\/b><\/td><td><b>Type<\/b><\/td><td><b>Dur\u00e9e<\/b><\/td><td><b>Finalit\u00e9<\/b><\/td><\/tr><\/thead><tbody><tr><td><a href=\"https:\/\/cookiedatabase.org\/cookie\/wordpress\/wpemojisettingssupports\/\" target=\"_blank\" rel=\"noopener noreferrer nofollow\">wpEmojiSettingsSupports<\/a><\/td><td>Propre<\/td><td>Fonctionnel<\/td><td>session<\/td><td>Enregistrer les d\u00e9tails du navigateur<\/td><\/tr><tr><td>ip2location_redirection_first_visit<\/td><td>Propre<\/td><td>Fonctionnel<\/td><td>1 jour<\/td><td>Rediriger les visiteurs vers une URL pr\u00e9d\u00e9finie en fonction de leur pays et r\u00e9gion.<\/td><\/tr><tr><td>wp-idioma<\/td><td>Propre<\/td><td>Fonctionnel<\/td><td>15 jours<\/td><td>Enregistrer la langue en cours de navigation.<\/td><\/tr><tr><td><a href=\"https:\/\/cookiedatabase.org\/cookie\/google-analytics\/_ga\/\" target=\"_blank\" rel=\"noopener noreferrer nofollow\">_ga<\/a><\/td><td>Tiers<\/td><td>Statistiques<\/td><td>2 ans<\/td><td>Compter et suivre les pages vues<\/td><\/tr><tr><td><a href=\"https:\/\/cookiedatabase.org\/cookie\/google-analytics\/_ga_\/\" target=\"_blank\" rel=\"noopener noreferrer nofollow\">_ga_*<\/a><\/td><td>Tiers<\/td><td>Statistiques<\/td><td>1 an<\/td><td>Compter et suivre les pages vues<\/td><\/tr><tr><td><a href=\"https:\/\/cookiedatabase.org\/cookie\/wpml\/wp-wpml_current_language\/\" target=\"_blank\" rel=\"noopener noreferrer nofollow\">wp-wpml_current_language<\/a><\/td><td>Propre<\/td><td>Fonctionnel<\/td><td>1 jour<\/td><td>Enregistrer les param\u00e8tres de langue<\/td><\/tr><tr><td><a href=\"https:\/\/cookiedatabase.org\/cookie\/google-recaptcha\/rcc\/\" target=\"_blank\" rel=\"noopener noreferrer nofollow\">rc::c<\/a><\/td><td>Tiers<\/td><td>Marketing<\/td><td>session<\/td><td>Filtrer les demandes de bots<\/td><\/tr><tr><td><a href=\"https:\/\/cookiedatabase.org\/cookie\/google-recaptcha\/rcb\/\" target=\"_blank\" rel=\"noopener noreferrer nofollow\">rc::b<\/a><\/td><td>Tiers<\/td><td>Marketing<\/td><td>session<\/td><td>Filtrer les demandes de bots<\/td><\/tr><tr><td><a href=\"https:\/\/cookiedatabase.org\/cookie\/google-recaptcha\/rca\/\" target=\"_blank\" rel=\"noopener noreferrer nofollow\">rc::a<\/a><\/td><td>Tiers<\/td><td>Marketing<\/td><td>persistent<\/td><td>Filtrer les demandes de bots<\/td><\/tr><tr><td><a href=\"https:\/\/cookiedatabase.org\/cookie\/google-recaptcha\/_grecaptcha\/\" target=\"_blank\" rel=\"noopener noreferrer nofollow\">_grecaptcha<\/a><\/td><td>Tiers<\/td><td>Fonctionnel<\/td><td>6 mois<\/td><td>Fournir une protection contre le spam<\/td><\/tr><tr><td><a href=\"https:\/\/cookiedatabase.org\/cookie\/complianz\/cmplz_banner-status\/\" target=\"_blank\" rel=\"noopener noreferrer nofollow\">cmplz_banner-status<\/a><\/td><td>Propre<\/td><td>Fonctionnel<\/td><td>365 jours<\/td><td>Enregistrer si la banni\u00e8re de cookies a \u00e9t\u00e9 ferm\u00e9e<\/td><\/tr><tr><td><a href=\"https:\/\/cookiedatabase.org\/cookie\/complianz\/cmplz_consented_services\/\" target=\"_blank\" rel=\"noopener noreferrer nofollow\">cmplz_consented_services<\/a><\/td><td>Propre<\/td><td>Fonctionnel<\/td><td>365 jours<\/td><td>Enregistrer les pr\u00e9f\u00e9rences de consentement des cookies<\/td><\/tr><tr><td><a href=\"https:\/\/cookiedatabase.org\/cookie\/complianz\/cmplz_policy_id\/\" target=\"_blank\" rel=\"noopener noreferrer nofollow\">cmplz_policy_id<\/a><\/td><td>Propre<\/td><td>Fonctionnel<\/td><td>365 jours<\/td><td>Stocker l&rsquo;ID de la politique de cookies accept\u00e9e<\/td><\/tr><tr><td><a href=\"https:\/\/cookiedatabase.org\/cookie\/complianz\/cmplz_marketing\/\" target=\"_blank\" rel=\"noopener noreferrer nofollow\">cmplz_marketing<\/a><\/td><td>Propre<\/td><td>Fonctionnel<\/td><td>365 jours<\/td><td>Enregistrer les pr\u00e9f\u00e9rences de consentement des cookies<\/td><\/tr><tr><td><a href=\"https:\/\/cookiedatabase.org\/cookie\/complianz\/cmplz_statistics\/\" target=\"_blank\" rel=\"noopener noreferrer nofollow\">cmplz_statistics<\/a><\/td><td>Propre<\/td><td>Fonctionnel<\/td><td>365 jours<\/td><td>Enregistrer les pr\u00e9f\u00e9rences de consentement des cookies<\/td><\/tr><tr><td><a href=\"https:\/\/cookiedatabase.org\/cookie\/complianz\/cmplz_preferences\/\" target=\"_blank\" rel=\"noopener noreferrer nofollow\">cmplz_preferences<\/a><\/td><td>Propre<\/td><td>Fonctionnel<\/td><td>365 jours<\/td><td>Enregistrer les pr\u00e9f\u00e9rences de consentement des cookies<\/td><\/tr><tr><td><a href=\"https:\/\/cookiedatabase.org\/cookie\/complianz\/cmplz_functional\/\" target=\"_blank\" rel=\"noopener noreferrer nofollow\">cmplz_functional<\/a><\/td><td>Propre<\/td><td>Fonctionnel<\/td><td>365 jours<\/td><td>Enregistrer les pr\u00e9f\u00e9rences de consentement des cookies<\/td><\/tr><tr><td><a href=\"https:\/\/cookiedatabase.org\/cookie\/linkedin\/auto-draft-20\/\" target=\"_blank\" rel=\"noopener noreferrer nofollow\">sdsc<\/a><\/td><td>Tiers<\/td><td>Fonctionnel<\/td><td>session<\/td><td>Charger la fonctionnalit\u00e9 d&rsquo;\u00e9quilibrage de charge<\/td><\/tr><tr><td><a href=\"https:\/\/cookiedatabase.org\/cookie\/linkedin\/auto-draft-16\/\" target=\"_blank\" rel=\"noopener noreferrer nofollow\">li_gc<\/a><\/td><td>Tiers<\/td><td>Fonctionnel<\/td><td>6 mois<\/td><td>Enregistrer les pr\u00e9f\u00e9rences de consentement des cookies<\/td><\/tr><tr><td><a href=\"https:\/\/cookiedatabase.org\/cookie\/linkedin\/bizographicsoptout\/\" target=\"_blank\" rel=\"noopener noreferrer nofollow\">BizographicsOptOut<\/a><\/td><td>Tiers<\/td><td>Fonctionnel<\/td><td>10 ans<\/td><td>Enregistrer les pr\u00e9f\u00e9rences de confidentialit\u00e9<\/td><\/tr><tr><td><a href=\"https:\/\/cookiedatabase.org\/cookie\/linkedin\/auto-draft-19\/\" target=\"_blank\" rel=\"noopener noreferrer nofollow\">lms_ads<\/a><\/td><td>Tiers<\/td><td>Marketing<\/td><td>30 jours<\/td><td>Stocker et suivre les visites sur plusieurs sites Web<\/td><\/tr><tr><td><a href=\"https:\/\/cookiedatabase.org\/cookie\/linkedin\/_guid\/\" target=\"_blank\" rel=\"noopener noreferrer nofollow\">_guid<\/a><\/td><td>Tiers<\/td><td>Marketing<\/td><td>90 jours<\/td><td>Stocker et suivre l&rsquo;identit\u00e9 d&rsquo;un visiteur<\/td><\/tr><tr><td><a href=\"https:\/\/cookiedatabase.org\/cookie\/linkedin\/li-oatml\/\" target=\"_blank\" rel=\"noopener noreferrer nofollow\">li-oatml<\/a><\/td><td>Tiers<\/td><td>Marketing<\/td><td>1 mois<\/td><td>Permettre la livraison d&rsquo;annonces ou le reciblage<\/td><\/tr><tr><td><a href=\"https:\/\/cookiedatabase.org\/cookie\/linkedin\/li_sugr\/\" target=\"_blank\" rel=\"noopener noreferrer nofollow\">li_sugr<\/a><\/td><td>Tiers<\/td><td>Marketing<\/td><td>90 jours<\/td><td>Stocker et suivre l&rsquo;identit\u00e9 d&rsquo;un visiteur<\/td><\/tr><tr><td><a href=\"https:\/\/cookiedatabase.org\/cookie\/linkedin\/usermatchhistory\/\" target=\"_blank\" rel=\"noopener noreferrer nofollow\">UserMatchHistory<\/a><\/td><td>Tiers<\/td><td>Marketing<\/td><td>30 jours<\/td><td>Permettre la livraison d&rsquo;annonces ou le reciblage<\/td><\/tr><tr><td><a href=\"https:\/\/cookiedatabase.org\/cookie\/linkedin\/auto-draft-18\/\" target=\"_blank\" rel=\"noopener noreferrer nofollow\">lms_analytics<\/a><\/td><td>Tiers<\/td><td>Statistiques<\/td><td>30 jours<\/td><td>Stocker et suivre l&rsquo;identit\u00e9 d&rsquo;un visiteur<\/td><\/tr><tr><td><a href=\"https:\/\/cookiedatabase.org\/cookie\/linkedin\/analyticssynchistory\/\" target=\"_blank\" rel=\"noopener noreferrer nofollow\">AnalyticsSyncHistory<\/a><\/td><td>Tiers<\/td><td>Statistiques<\/td><td>30 jours<\/td><td>Stocker et suivre les visites sur plusieurs sites Web<\/td><\/tr><tr><td><a href=\"https:\/\/cookiedatabase.org\/cookie\/linkedin\/li_alerts\/\" target=\"_blank\" rel=\"noopener noreferrer nofollow\">li_alerts<\/a><\/td><td>Tiers<\/td><td>Pr\u00e9f\u00e9rences<\/td><td>1 an<\/td><td>Enregistrer si un message a \u00e9t\u00e9 montr\u00e9<\/td><\/tr><tr><td><a href=\"https:\/\/cookiedatabase.org\/cookie\/linkedin\/bcookie-2\/\" target=\"_blank\" rel=\"noopener noreferrer nofollow\">bcookie<\/a><\/td><td>Tiers<\/td><td>Pr\u00e9f\u00e9rences<\/td><td>1 an<\/td><td>Enregistrer les d\u00e9tails du navigateur<\/td><\/tr><tr><td><a href=\"https:\/\/cookiedatabase.org\/cookie\/linkedin\/lidc\/\" target=\"_blank\" rel=\"noopener noreferrer nofollow\">lidc<\/a><\/td><td>Tiers<\/td><td>Pr\u00e9f\u00e9rences<\/td><td>1 jour<\/td><td>Charger la fonctionnalit\u00e9 d&rsquo;\u00e9quilibrage de charge<\/td><\/tr><tr><td><a href=\"https:\/\/cookiedatabase.org\/cookie\/linkedin\/bscookie\/\" target=\"_blank\" rel=\"noopener noreferrer nofollow\">bscookie<\/a><\/td><td>Tiers<\/td><td>Pr\u00e9f\u00e9rences<\/td><td>1 an<\/td><td>Maintenir les utilisateurs connect\u00e9s<\/td><\/tr><\/tbody><\/table><p><em>Vous pouvez obtenir des informations sur les transferts vers des pays tiers qui, le cas \u00e9ch\u00e9ant, sont effectu\u00e9s par les tiers ici identifi\u00e9s, dans leurs politiques relatives aux cookies (voir le lien correspondant \u00e0 +Conna\u00eetre le tiers).<\/em><\/p><p><em>Il est estim\u00e9 qu\u2019il y a traitement des donn\u00e9es \u00e0 caract\u00e8re personnel par le biais de cookies d\u00e8s lors que l\u2019utilisateur s\u2019est identifi\u00e9 par son nom ou par une adresse \u00e9lectronique qui l\u2019identifie, ou d\u00e8s lors que des identificateurs uniques sont utilis\u00e9s pour distinguer certains utilisateurs des autres en vue d\u2019un suivi individualis\u00e9. Pour obtenir de plus amples informations sur les droits des utilisateurs et sur le traitement des donn\u00e9es personnelles collect\u00e9es par le biais des cookies du pr\u00e9sent site web, veuillez consulter la politique de confidentialit\u00e9 <a href=\"https:\/\/fferrer.com\/fr\/politique-de-protection-de-la-vie-privee-et-des-donees-a-caractere-personel\/\">ici<\/a>.<\/em><\/p><\/div><p>\u00a0<\/p><p><strong><em>Acceptation, refus et configuration des cookies<\/em><\/strong><\/p><p><em>Comme indiqu\u00e9 au paragraphe qui pr\u00e9c\u00e8de, vous pouvez consentir \u00e0 l\u2019usage de tous les cookies par leur stockage sur votre dispositif\u00a0: <\/em><\/p><ul><li><em>En cliquant sur le bouton \u00ab\u00a0Accepter les cookies\u00a0\u00bb du banner de cookies disponible sur ce site web, ou<\/em><\/li><li><em>En cliquant sur le bouton \u00ab\u00a0Tout accepter\u00a0\u00bb dans l\u2019outil de configuration des cookies de ce site web, auquel vous pouvez acc\u00e9der \u00e0 travers le banner de cookies ou \u00e0 travers la pr\u00e9sente politique, ou<\/em><\/li><li><em>En s\u00e9lectionnant toutes les options propos\u00e9es puis en cliquant sur le bouton \u00ab\u00a0Enregistrer les param\u00e8tres\u00a0\u00bb dans l\u2019outil de configuration de cookies de ce site web, auquel vous pouvez acc\u00e9der \u00e0 travers le banner de cookies ou \u00e0 travers la pr\u00e9sente politique.<\/em><\/li><\/ul><p><em>Par ailleurs, comme indiqu\u00e9 au paragraphe qui pr\u00e9c\u00e8de, vous pouvez refuser de donner votre accord \u00e0 l\u2019utilisation de tous les cookies pr\u00e9cit\u00e9s par leur stockage dans votre dispositif\u00a0:<\/em><\/p><ul><li><em>En cliquant sur le bouton \u00ab\u00a0Rejeter les cookies\u00a0\u00bb du banner de cookies disponible sur ce site web, ou<\/em><\/li><li><em>En cliquant sur le bouton \u00ab\u00a0Tout rejeter\u00a0\u00bb dans l\u2019outil de configuration des cookies de ce site web, auquel vous pouvez acc\u00e9der \u00e0 travers le banner de cookies ou \u00e0 travers la pr\u00e9sente politique.<\/em><\/li><\/ul><p><em>Veuillez noter que si vous acceptez les cookies de tiers, ils devront \u00eatre supprim\u00e9s depuis les options du navigateur ou depuis le syst\u00e8me propos\u00e9 par le tiers lui-m\u00eame \u00e0 cette fin.<\/em><\/p><p><em>Nous vous rappelons que vous pouvez supprimer votre historique de navigation (y compris les cookies) de votre navigateur, en consultant les options et instructions fournies par votre navigateur.<\/em><\/p><p><em>\u00a0<\/em><\/p><p><em>Vous pouvez choisir \u00e0 tout moment, parmi lesdits cookies, ceux que vous acceptez et ceux que vous rejetez en vue de leur stockage dans votre dispositif, et donner votre accord \u00e0 cette fin. Dans l\u2019outil de configuration de ce site web, vous pouvez habiliter les cookies dont vous acceptez le stockage sur votre dispositif, ou emp\u00eacher le stockage de ceux dont vous ne souhaitez pas accepter l\u2019usage, en les s\u00e9lectionnant ou d\u00e9s\u00e9lectionnant un par un puis en cliquant sur le bouton \u00ab\u00a0Enregistrer les param\u00e8tres\u00a0\u00bb.<\/em><\/p><p><em>\u00a0<\/em><\/p><p><em>En outre, vous pouvez trouver de plus amples informations relatives \u00e0 l\u2019autorisation, l\u2019\u00e9limination et\/ou la gestion de l\u2019usage des cookies via le navigateur qui correspond, comme indiqu\u00e9 ci-dessous\u00a0:<\/em><\/p><ul><li><strong><em>Microsoft Internet Explorer\u00a0:<\/em><\/strong><a href=\"http:\/\/windows.microsoft.com\/es-ES\/windows-vista\/Block-or-allow-cookies\"><em> http:\/\/windows.microsoft.com\/es-ES\/windows-vista\/Block-or-allow-cookies<\/em><\/a><\/li><li><strong><em>Firefox\u00a0:<\/em><\/strong><a href=\"http:\/\/support.mozilla.org\/es\/kb\/habilitar-y-deshabilitar-cookies-que-los-sitios-we\"><em> http:\/\/support.mozilla.org\/es\/kb\/habilitar-y-deshabilitar-cookies-que-los-sitios-we<\/em><\/a><\/li><li><strong><em>Safari\u00a0:<\/em><\/strong><a href=\"http:\/\/support.apple.com\/kb\/HT1677?viewlocale=es_ES\"><em> http:\/\/support.apple.com\/kb\/HT1677?viewlocale=es_ES<\/em><\/a><\/li><li><strong><em>Google Chrome\u00a0:<\/em><\/strong><a href=\"https:\/\/support.google.com\/chrome\/answer\/95647?hl=es\"><em> https:\/\/support.google.com\/chrome\/answer\/95647?hl=es<\/em><\/a><\/li><li><strong><em>Opera\u00a0:<\/em><\/strong><a href=\"https:\/\/help.opera.com\/en\/latest\/web-preferences\/#cookies\"><em> https:\/\/help.opera.com\/en\/latest\/web-preferences\/#cookies<\/em><\/a><\/li><\/ul><p><strong><em>\u00a0<\/em><\/strong><\/p><p><strong><em>Changements de la politique<\/em><\/strong><\/p><p><em>La pr\u00e9sente Politique relative aux Cookies pourra \u00eatre modifi\u00e9e \u00e0 tout moment en application des exigences l\u00e9gales en vigueur ou en cas de modification du type de cookies utilis\u00e9s sur le site web.<\/em><\/p><p><strong><em>\u00a0<\/em><\/strong><strong><em>Contact<\/em><\/strong><\/p><p><em>Pour de plus amples informations relatives \u00e0 l\u2019usage des cookies du pr\u00e9sent site web, veuillez vous adresser \u00e0 <\/em><a href=\"mailto:legal@fferrer.es\"><em>legal@fferrer.es<\/em><\/a><em>.\u00a0 <\/em><\/p>\t\t\t\t\t\t\t\t<\/div>\n\t\t\t\t<\/div>\n\t\t\t\t\t<\/div>\n\t\t\t\t<\/div>\n\t\t\t\t<\/div>\n\t\t","protected":false},"excerpt":{"rendered":"<p>Derni\u00e8re date de mise \u00e0 jour 2 de janvier 2024 Configurateur de cookies Vous pouvez acc\u00e9der au configurateur de cookies en cliquant le suivant button: ici Que sont les cookies\u00a0? Les cookies sont des fichiers qui sont t\u00e9l\u00e9charg\u00e9s dans les dispositifs de l\u2019utilisateur lorsqu\u2019il visite certains sites web, ou acc\u00e8de \u00e0 certaines plateformes ou applications, [&hellip;]<\/p>\n","protected":false},"author":2,"featured_media":0,"parent":0,"menu_order":0,"comment_status":"closed","ping_status":"closed","template":"","meta":{"_monsterinsights_skip_tracking":false,"_monsterinsights_sitenote_active":false,"_monsterinsights_sitenote_note":"","_monsterinsights_sitenote_category":0,"footnotes":""},"class_list":["post-1850","page","type-page","status-publish","hentry"],"aioseo_notices":[],"_links":{"self":[{"href":"https:\/\/fferrer.com\/fr\/wp-json\/wp\/v2\/pages\/1850","targetHints":{"allow":["GET"]}}],"collection":[{"href":"https:\/\/fferrer.com\/fr\/wp-json\/wp\/v2\/pages"}],"about":[{"href":"https:\/\/fferrer.com\/fr\/wp-json\/wp\/v2\/types\/page"}],"author":[{"embeddable":true,"href":"https:\/\/fferrer.com\/fr\/wp-json\/wp\/v2\/users\/2"}],"replies":[{"embeddable":true,"href":"https:\/\/fferrer.com\/fr\/wp-json\/wp\/v2\/comments?post=1850"}],"version-history":[{"count":36,"href":"https:\/\/fferrer.com\/fr\/wp-json\/wp\/v2\/pages\/1850\/revisions"}],"predecessor-version":[{"id":5469,"href":"https:\/\/fferrer.com\/fr\/wp-json\/wp\/v2\/pages\/1850\/revisions\/5469"}],"wp:attachment":[{"href":"https:\/\/fferrer.com\/fr\/wp-json\/wp\/v2\/media?parent=1850"}],"curies":[{"name":"wp","href":"https:\/\/api.w.org\/{rel}","templated":true}]}}